{"id":467,"date":"2018-01-19T09:49:56","date_gmt":"2018-01-19T09:49:56","guid":{"rendered":"http:\/\/innertenis.com\/rutinasmentaleseneltenis\/?page_id=467"},"modified":"2018-03-12T14:59:42","modified_gmt":"2018-03-12T14:59:42","slug":"rutinas-mentales-en-el-tenis-adultos","status":"publish","type":"page","link":"https:\/\/innertenis.com\/rutinasmentaleseneltenis\/rutinas-mentales-en-el-tenis-adultos\/","title":{"rendered":"Rutinas Mentales en el Tenis Adultos"},"content":{"rendered":"<p>[et_pb_section bb_built=&#8221;1&#8243; background_color=&#8221;#4892d9&#8243; fullwidth=&#8221;on&#8221; _builder_version=&#8221;3.0.97&#8243; custom_padding=&#8221;34px|0px|34px|0px&#8221;][et_pb_fullwidth_image src=&#8221;http:\/\/innertenis.com\/rutinasmentaleseneltenis\/wp-content\/uploads\/2018\/01\/logo.png&#8221; _builder_version=&#8221;3.0.97&#8243; max_width=&#8221;50%&#8221; module_alignment=&#8221;center&#8221; show_in_lightbox=&#8221;off&#8221; url_new_window=&#8221;off&#8221; use_overlay=&#8221;off&#8221; \/][\/et_pb_section][et_pb_section bb_built=&#8221;1&#8243; background_color=&#8221;#ededed&#8221; fullwidth=&#8221;on&#8221; _builder_version=&#8221;3.0.97&#8243; custom_padding=&#8221;0px|0px|0px|0px&#8221;][et_pb_fullwidth_menu _builder_version=&#8221;3.0.97&#8243; menu_id=&#8221;10&#8243; submenu_direction=&#8221;downwards&#8221; fullwidth_menu=&#8221;on&#8221; background_layout=&#8221;dark&#8221; text_orientation=&#8221;center&#8221; menu_font=&#8221;|700||on|||||&#8221; menu_font_size=&#8221;15px&#8221; background_color=&#8221;#255db2&#8243; \/][et_pb_fullwidth_header title=&#8221;Rutinas Mentales en el Tenis Adultos&#8221; text_orientation=&#8221;center&#8221; header_scroll_down=&#8221;on&#8221; scroll_down_icon=&#8221;%%9%%&#8221; scroll_down_icon_color=&#8221;#205098&#8243; logo_image_url=&#8221;http:\/\/innertenis.com\/rutinasmentaleseneltenis\/wp-content\/uploads\/2018\/01\/2-1.png&#8221; _builder_version=&#8221;3.0.97&#8243; title_font=&#8221;|600||on|||||&#8221; title_text_align=&#8221;center&#8221; title_font_size=&#8221;40px&#8221; animation_style=&#8221;fade&#8221; text_shadow_style=&#8221;preset1&#8243; \/][et_pb_fullwidth_menu _builder_version=&#8221;3.0.97&#8243; menu_id=&#8221;15&#8243; submenu_direction=&#8221;downwards&#8221; fullwidth_menu=&#8221;on&#8221; background_layout=&#8221;light&#8221; text_orientation=&#8221;center&#8221; menu_font=&#8221;|700||on|||||&#8221; menu_font_size=&#8221;15px&#8221; background_color=&#8221;rgba(145,145,145,0.66)&#8221; \/][\/et_pb_section][et_pb_section bb_built=&#8221;1&#8243; background_color=&#8221;#205098&#8243; module_id=&#8221;bloque1adultos&#8221; _builder_version=&#8221;3.0.97&#8243; custom_padding=&#8221;0px|0px|0px|0px&#8221;][et_pb_row _builder_version=&#8221;3.0.47&#8243; background_size=&#8221;initial&#8221; background_position=&#8221;top_left&#8221; background_repeat=&#8221;repeat&#8221;][et_pb_column type=&#8221;4_4&#8243;][et_pb_text background_layout=&#8221;dark&#8221; _builder_version=&#8221;3.0.97&#8243; text_font=&#8221;|||on|||||&#8221; text_font_size=&#8221;40px&#8221; text_text_shadow_style=&#8221;preset1&#8243; header_font=&#8221;|||on|||||&#8221; header_text_align=&#8221;center&#8221; header_text_shadow_style=&#8221;preset1&#8243; text_orientation=&#8221;center&#8221;]<\/p>\n<p>BLOQUE I. ANTES DEL PARTIDO<\/p>\n<p>[\/et_pb_text][\/et_pb_column][\/et_pb_row][\/et_pb_section][et_pb_section bb_built=&#8221;1&#8243; _builder_version=&#8221;3.0.47&#8243; custom_padding=&#8221;0px|0px|0px|0px&#8221;][et_pb_row custom_padding=&#8221;27px|0px|0px|0px&#8221; _builder_version=&#8221;3.0.47&#8243; background_size=&#8221;initial&#8221; background_position=&#8221;top_left&#8221; background_repeat=&#8221;repeat&#8221;][et_pb_column type=&#8221;1_3&#8243;][et_pb_blurb title=&#8221;Introducci\u00f3n&#8221; url=&#8221;http:\/\/innertenis.com\/rutinasmentaleseneltenis\/introduccion-bloque-i-rutinas-mentales-antes-del-partido\/&#8221; url_new_window=&#8221;on&#8221; image=&#8221;http:\/\/innertenis.com\/rutinasmentaleseneltenis\/wp-content\/uploads\/2018\/01\/intro.png&#8221; _builder_version=&#8221;3.0.97&#8243; header_level=&#8221;h2&#8243; header_font=&#8221;|||on|||||&#8221; header_text_align=&#8221;center&#8221; header_font_size=&#8221;19px&#8221; text_orientation=&#8221;center&#8221; \/][\/et_pb_column][et_pb_column type=&#8221;1_3&#8243;][et_pb_blurb title=&#8221;M\u00f3dulo I: Rutinas Mentales del d\u00eda 30 al d\u00eda 15 antes del Partido (Parte I)&#8221; url=&#8221;http:\/\/innertenis.com\/rutinasmentaleseneltenis\/rutinas-del-dia-30-al-dia-15-antes-del-partido-parte-i\/&#8221; url_new_window=&#8221;on&#8221; image=&#8221;http:\/\/innertenis.com\/rutinasmentaleseneltenis\/wp-content\/uploads\/2018\/01\/modulo1.png&#8221; _builder_version=&#8221;3.0.97&#8243; header_level=&#8221;h2&#8243; header_font=&#8221;|||on|||||&#8221; header_text_align=&#8221;center&#8221; header_font_size=&#8221;19px&#8221; text_orientation=&#8221;center&#8221; \/][\/et_pb_column][et_pb_column type=&#8221;1_3&#8243;][et_pb_blurb title=&#8221;M\u00f3dulo II: Rutinas Mentales del d\u00eda 30 al d\u00eda 15 antes del Partido (Parte II)&#8221; url=&#8221;http:\/\/innertenis.com\/rutinasmentaleseneltenis\/rutinas-del-dia-30-al-dia-15-antes-del-partido-parte-ii\/&#8221; url_new_window=&#8221;on&#8221; image=&#8221;http:\/\/innertenis.com\/rutinasmentaleseneltenis\/wp-content\/uploads\/2018\/01\/modulo2.png&#8221; _builder_version=&#8221;3.0.97&#8243; header_level=&#8221;h2&#8243; header_font=&#8221;|||on|||||&#8221; header_text_align=&#8221;center&#8221; header_font_size=&#8221;19px&#8221; text_orientation=&#8221;center&#8221; use_icon=&#8221;off&#8221; use_circle=&#8221;off&#8221; use_circle_border=&#8221;off&#8221; icon_placement=&#8221;top&#8221; use_icon_font_size=&#8221;off&#8221; background_layout=&#8221;light&#8221; \/][\/et_pb_column][\/et_pb_row][\/et_pb_section][et_pb_section bb_built=&#8221;1&#8243; background_color=&#8221;#ededed&#8221; _builder_version=&#8221;3.0.97&#8243; custom_padding=&#8221;30px|0px|0px|0px&#8221;][et_pb_row custom_padding=&#8221;0px|0px|15px|0px&#8221; _builder_version=&#8221;3.0.47&#8243; background_size=&#8221;initial&#8221; background_position=&#8221;top_left&#8221; background_repeat=&#8221;repeat&#8221;][et_pb_column type=&#8221;1_3&#8243;][et_pb_blurb title=&#8221;M\u00f3dulo III: Rutinas Mentales del d\u00eda 30 al d\u00eda 15 antes del Partido (Parte III)&#8221; url=&#8221;http:\/\/innertenis.com\/rutinasmentaleseneltenis\/rutinas-del-dia-30-al-dia-15-antes-del-partido-parte-iii\/&#8221; url_new_window=&#8221;on&#8221; image=&#8221;http:\/\/innertenis.com\/rutinasmentaleseneltenis\/wp-content\/uploads\/2018\/01\/modulo3.png&#8221; _builder_version=&#8221;3.0.97&#8243; header_level=&#8221;h2&#8243; header_font=&#8221;|||on|||||&#8221; header_text_align=&#8221;center&#8221; header_font_size=&#8221;19px&#8221; text_orientation=&#8221;center&#8221; \/][\/et_pb_column][et_pb_column type=&#8221;1_3&#8243;][et_pb_blurb title=&#8221;M\u00f3dulo IV: Rutinas Mentales del d\u00eda 14 al d\u00eda 7 antes del Partido (Parte I)&#8221; url=&#8221;http:\/\/innertenis.com\/rutinasmentaleseneltenis\/rutinas-del-dia-14-al-dia-7-antes-del-partido-parte-i\/&#8221; url_new_window=&#8221;on&#8221; image=&#8221;http:\/\/innertenis.com\/rutinasmentaleseneltenis\/wp-content\/uploads\/2018\/01\/modulo4.png&#8221; _builder_version=&#8221;3.0.97&#8243; header_level=&#8221;h2&#8243; header_font=&#8221;|||on|||||&#8221; header_text_align=&#8221;center&#8221; header_font_size=&#8221;19px&#8221; text_orientation=&#8221;center&#8221; \/][\/et_pb_column][et_pb_column type=&#8221;1_3&#8243;][et_pb_blurb title=&#8221;M\u00f3dulo V: Rutinas Mentales del d\u00eda 14 al d\u00eda 7 antes del Partido (Parte II)&#8221; url=&#8221;http:\/\/innertenis.com\/rutinasmentaleseneltenis\/rutinas-del-dia-14-al-dia-7-antes-del-partido-parte-ii\/&#8221; url_new_window=&#8221;on&#8221; image=&#8221;http:\/\/innertenis.com\/rutinasmentaleseneltenis\/wp-content\/uploads\/2018\/01\/modulo5.png&#8221; _builder_version=&#8221;3.0.97&#8243; header_level=&#8221;h2&#8243; header_font=&#8221;|||on|||||&#8221; header_text_align=&#8221;center&#8221; header_font_size=&#8221;19px&#8221; text_orientation=&#8221;center&#8221; \/][\/et_pb_column][\/et_pb_row][\/et_pb_section][et_pb_section bb_built=&#8221;1&#8243; background_color=&#8221;#ffffff&#8221; _builder_version=&#8221;3.0.97&#8243; custom_padding=&#8221;0px|0px|0px|0px&#8221;][et_pb_row custom_padding=&#8221;27px|0px|0px|0px&#8221; _builder_version=&#8221;3.0.47&#8243; background_size=&#8221;initial&#8221; background_position=&#8221;top_left&#8221; background_repeat=&#8221;repeat&#8221;][et_pb_column type=&#8221;1_3&#8243;][et_pb_blurb title=&#8221;M\u00f3dulo VI: Rutinas Mentales del d\u00eda 6 al d\u00eda 2 antes del Partido&#8221; url=&#8221;http:\/\/innertenis.com\/rutinasmentaleseneltenis\/rutinas-del-dia-6-al-dia-6-antes-del-partido\/&#8221; url_new_window=&#8221;on&#8221; image=&#8221;http:\/\/innertenis.com\/rutinasmentaleseneltenis\/wp-content\/uploads\/2018\/01\/modulo6.png&#8221; _builder_version=&#8221;3.0.97&#8243; header_level=&#8221;h2&#8243; header_font=&#8221;|||on|||||&#8221; header_text_align=&#8221;center&#8221; header_font_size=&#8221;19px&#8221; text_orientation=&#8221;center&#8221; \/][\/et_pb_column][et_pb_column type=&#8221;1_3&#8243;][et_pb_blurb title=&#8221;M\u00f3dulo VII: Rutinas Mentales para el d\u00eda antes del Partido&#8221; url=&#8221;http:\/\/innertenis.com\/rutinasmentaleseneltenis\/rutinas-mentales-para-el-dia-antes-del-partido\/&#8221; url_new_window=&#8221;on&#8221; image=&#8221;http:\/\/innertenis.com\/rutinasmentaleseneltenis\/wp-content\/uploads\/2018\/01\/modulo7.png&#8221; _builder_version=&#8221;3.0.97&#8243; header_level=&#8221;h2&#8243; header_font=&#8221;|||on|||||&#8221; header_text_align=&#8221;center&#8221; header_font_size=&#8221;19px&#8221; text_orientation=&#8221;center&#8221; \/][\/et_pb_column][et_pb_column type=&#8221;1_3&#8243;][et_pb_blurb title=&#8221;M\u00f3dulo VIII: Rutinas Mentales para el d\u00eda del Partido&#8221; url=&#8221;http:\/\/innertenis.com\/rutinasmentaleseneltenis\/rutinas-mentales-para-el-dia-del-partido\/&#8221; url_new_window=&#8221;on&#8221; image=&#8221;http:\/\/innertenis.com\/rutinasmentaleseneltenis\/wp-content\/uploads\/2018\/01\/modulos8.png&#8221; _builder_version=&#8221;3.0.97&#8243; header_level=&#8221;h2&#8243; header_font=&#8221;|||on|||||&#8221; header_text_align=&#8221;center&#8221; header_font_size=&#8221;19px&#8221; text_orientation=&#8221;center&#8221; \/][\/et_pb_column][\/et_pb_row][\/et_pb_section][et_pb_section bb_built=&#8221;1&#8243; background_color=&#8221;#205098&#8243; module_id=&#8221;bloque2adultos&#8221; _builder_version=&#8221;3.0.97&#8243; custom_padding=&#8221;0px|0px|0px|0px&#8221;][et_pb_row _builder_version=&#8221;3.0.47&#8243; background_size=&#8221;initial&#8221; background_position=&#8221;top_left&#8221; background_repeat=&#8221;repeat&#8221;][et_pb_column type=&#8221;4_4&#8243;][et_pb_text background_layout=&#8221;dark&#8221; _builder_version=&#8221;3.0.97&#8243; text_font=&#8221;|||on|||||&#8221; text_font_size=&#8221;40px&#8221; text_text_shadow_style=&#8221;preset1&#8243; header_font=&#8221;|||on|||||&#8221; header_text_align=&#8221;center&#8221; header_text_shadow_style=&#8221;preset1&#8243; text_orientation=&#8221;center&#8221;]<\/p>\n<p>BLOQUE II. DURANTE EL PARTIDO<\/p>\n<p>[\/et_pb_text][\/et_pb_column][\/et_pb_row][\/et_pb_section][et_pb_section bb_built=&#8221;1&#8243; _builder_version=&#8221;3.0.47&#8243; custom_padding=&#8221;0px|0px|0px|0px&#8221;][et_pb_row custom_padding=&#8221;27px|0px|0px|0px&#8221; _builder_version=&#8221;3.0.47&#8243; background_size=&#8221;initial&#8221; background_position=&#8221;top_left&#8221; background_repeat=&#8221;repeat&#8221;][et_pb_column type=&#8221;1_3&#8243;][et_pb_blurb title=&#8221;Introducci\u00f3n&#8221; url=&#8221;http:\/\/innertenis.com\/rutinasmentaleseneltenis\/introduccion-bloque-ii-rutinas-mentales-en-el-partido\/&#8221; url_new_window=&#8221;on&#8221; image=&#8221;http:\/\/innertenis.com\/rutinasmentaleseneltenis\/wp-content\/uploads\/2018\/01\/introbloq2.png&#8221; _builder_version=&#8221;3.0.97&#8243; header_level=&#8221;h2&#8243; header_font=&#8221;|||on|||||&#8221; header_text_align=&#8221;center&#8221; header_font_size=&#8221;19px&#8221; text_orientation=&#8221;center&#8221; \/][\/et_pb_column][et_pb_column type=&#8221;1_3&#8243;][et_pb_blurb title=&#8221;M\u00f3dulo I: Rutinas Mentales en el Calentamiento&#8221; url=&#8221;http:\/\/innertenis.com\/rutinasmentaleseneltenis\/modulo-i-rutinas-mentales-en-el-calentamiento\/&#8221; url_new_window=&#8221;on&#8221; image=&#8221;http:\/\/innertenis.com\/rutinasmentaleseneltenis\/wp-content\/uploads\/2018\/01\/modulo1bloq2.png&#8221; _builder_version=&#8221;3.0.97&#8243; header_level=&#8221;h2&#8243; header_font=&#8221;|||on|||||&#8221; header_text_align=&#8221;center&#8221; header_font_size=&#8221;19px&#8221; text_orientation=&#8221;center&#8221; \/][\/et_pb_column][et_pb_column type=&#8221;1_3&#8243;][et_pb_blurb title=&#8221;M\u00f3dulo II: Rutinas Mentales en un Punto del Partido&#8221; url=&#8221;http:\/\/innertenis.com\/rutinasmentaleseneltenis\/modulo-i-rutinas-mentales-en-un-punto-del-partido\/&#8221; url_new_window=&#8221;on&#8221; image=&#8221;http:\/\/innertenis.com\/rutinasmentaleseneltenis\/wp-content\/uploads\/2018\/01\/modulo2bloq2.png&#8221; _builder_version=&#8221;3.0.97&#8243; header_level=&#8221;h2&#8243; header_font=&#8221;|||on|||||&#8221; header_text_align=&#8221;center&#8221; header_font_size=&#8221;19px&#8221; text_orientation=&#8221;center&#8221; \/][\/et_pb_column][\/et_pb_row][\/et_pb_section][et_pb_section bb_built=&#8221;1&#8243; background_color=&#8221;#ededed&#8221; _builder_version=&#8221;3.0.97&#8243; custom_padding=&#8221;30px|0px|0px|0px&#8221;][et_pb_row custom_padding=&#8221;0px|0px|15px|0px&#8221; _builder_version=&#8221;3.0.47&#8243; background_size=&#8221;initial&#8221; background_position=&#8221;top_left&#8221; background_repeat=&#8221;repeat&#8221;][et_pb_column type=&#8221;1_4&#8243;][et_pb_blurb title=&#8221;M\u00f3dulo III: Rutinas Mentales entre Punto y Punto&#8221; url=&#8221;http:\/\/innertenis.com\/rutinasmentaleseneltenis\/modulo-iii-rutinas-mentales-entre-punto-y-punto\/&#8221; url_new_window=&#8221;on&#8221; image=&#8221;http:\/\/innertenis.com\/rutinasmentaleseneltenis\/wp-content\/uploads\/2018\/01\/modulo3bloq2.png&#8221; _builder_version=&#8221;3.0.97&#8243; header_level=&#8221;h2&#8243; header_font=&#8221;|||on|||||&#8221; header_text_align=&#8221;center&#8221; header_font_size=&#8221;19px&#8221; text_orientation=&#8221;center&#8221; \/][\/et_pb_column][et_pb_column type=&#8221;1_4&#8243;][et_pb_blurb title=&#8221;M\u00f3dulo IV: Rutinas Mentales en el Saque y en el Resto&#8221; url=&#8221;http:\/\/innertenis.com\/rutinasmentaleseneltenis\/modulo-iv-rutinas-mentales-en-el-saque-y-en-el-resto\/&#8221; url_new_window=&#8221;on&#8221; image=&#8221;http:\/\/innertenis.com\/rutinasmentaleseneltenis\/wp-content\/uploads\/2018\/01\/modulo4bloq2.png&#8221; _builder_version=&#8221;3.0.97&#8243; header_level=&#8221;h2&#8243; header_font=&#8221;|||on|||||&#8221; header_text_align=&#8221;center&#8221; header_font_size=&#8221;19px&#8221; text_orientation=&#8221;center&#8221; \/][\/et_pb_column][et_pb_column type=&#8221;1_4&#8243;][et_pb_blurb title=&#8221;M\u00f3dulo V: Rutinas Mentales en los Cambios de Lado&#8221; url=&#8221;http:\/\/innertenis.com\/rutinasmentaleseneltenis\/modulo-v-rutinas-mentales-en-los-cambios-de-lado\/&#8221; url_new_window=&#8221;on&#8221; image=&#8221;http:\/\/innertenis.com\/rutinasmentaleseneltenis\/wp-content\/uploads\/2018\/01\/modulo5bloq2.png&#8221; _builder_version=&#8221;3.0.97&#8243; header_level=&#8221;h2&#8243; header_font=&#8221;|||on|||||&#8221; header_text_align=&#8221;center&#8221; header_font_size=&#8221;19px&#8221; text_orientation=&#8221;center&#8221; \/][\/et_pb_column][et_pb_column type=&#8221;1_4&#8243;][et_pb_blurb title=&#8221;M\u00f3dulo VI: Rutinas Mentales para Levantar un Partido en el que se va Perdiendo&#8221; url=&#8221;http:\/\/innertenis.com\/rutinasmentaleseneltenis\/modulo-i-rutinas-mentales-para-levantar-un-partido-en-el-que-se-va-perdiendo\/&#8221; url_new_window=&#8221;on&#8221; image=&#8221;http:\/\/innertenis.com\/rutinasmentaleseneltenis\/wp-content\/uploads\/2018\/01\/modulo6bloq2.png&#8221; _builder_version=&#8221;3.0.97&#8243; header_level=&#8221;h2&#8243; header_font=&#8221;|||on|||||&#8221; header_text_align=&#8221;center&#8221; header_font_size=&#8221;19px&#8221; text_orientation=&#8221;center&#8221; \/][\/et_pb_column][\/et_pb_row][\/et_pb_section][et_pb_section bb_built=&#8221;1&#8243; background_color=&#8221;#205098&#8243; module_id=&#8221;bloque3adultos&#8221; _builder_version=&#8221;3.0.97&#8243; custom_padding=&#8221;0px|0px|0px|0px&#8221;][et_pb_row _builder_version=&#8221;3.0.47&#8243; background_size=&#8221;initial&#8221; background_position=&#8221;top_left&#8221; background_repeat=&#8221;repeat&#8221;][et_pb_column type=&#8221;4_4&#8243;][et_pb_text background_layout=&#8221;dark&#8221; _builder_version=&#8221;3.0.97&#8243; text_font=&#8221;|||on|||||&#8221; text_font_size=&#8221;40px&#8221; text_text_shadow_style=&#8221;preset1&#8243; header_font=&#8221;|||on|||||&#8221; header_text_align=&#8221;center&#8221; header_text_shadow_style=&#8221;preset1&#8243; text_orientation=&#8221;center&#8221;]<\/p>\n<p>BLOQUE IiI. DESPU\u00c9S DEL PARTIDO<\/p>\n<p>[\/et_pb_text][\/et_pb_column][\/et_pb_row][\/et_pb_section][et_pb_section bb_built=&#8221;1&#8243; _builder_version=&#8221;3.0.47&#8243; custom_padding=&#8221;0px|0px|0px|0px&#8221;][et_pb_row custom_padding=&#8221;27px|0px|0px|0px&#8221; _builder_version=&#8221;3.0.47&#8243; background_size=&#8221;initial&#8221; background_position=&#8221;top_left&#8221; background_repeat=&#8221;repeat&#8221;][et_pb_column type=&#8221;1_3&#8243;][et_pb_blurb title=&#8221;Introducci\u00f3n&#8221; url=&#8221;http:\/\/innertenis.com\/rutinasmentaleseneltenis\/introduccion-bloque-iii-rutinas-mentales-despues-del-partido\/&#8221; url_new_window=&#8221;on&#8221; image=&#8221;http:\/\/innertenis.com\/rutinasmentaleseneltenis\/wp-content\/uploads\/2018\/01\/introbloq3.png&#8221; _builder_version=&#8221;3.0.97&#8243; header_level=&#8221;h2&#8243; header_font=&#8221;|||on|||||&#8221; header_text_align=&#8221;center&#8221; header_font_size=&#8221;19px&#8221; text_orientation=&#8221;center&#8221; \/][\/et_pb_column][et_pb_column type=&#8221;1_3&#8243;][et_pb_blurb title=&#8221;M\u00f3dulo I: Los Fundamentos de las Rutinas Post Partido&#8221; url=&#8221;http:\/\/innertenis.com\/rutinasmentaleseneltenis\/modulo-i-los-fundamentos-de-las-rutinas-post-partido\/&#8221; url_new_window=&#8221;on&#8221; image=&#8221;http:\/\/innertenis.com\/rutinasmentaleseneltenis\/wp-content\/uploads\/2018\/01\/modulo1bloq3.png&#8221; _builder_version=&#8221;3.0.97&#8243; header_level=&#8221;h2&#8243; header_font=&#8221;|||on|||||&#8221; header_text_align=&#8221;center&#8221; header_font_size=&#8221;19px&#8221; text_orientation=&#8221;center&#8221; \/][\/et_pb_column][et_pb_column type=&#8221;1_3&#8243;][et_pb_blurb title=&#8221;M\u00f3dulo II: El Registro y An\u00e1lisis de la Informaci\u00f3n&#8221; url=&#8221;http:\/\/innertenis.com\/rutinasmentaleseneltenis\/modulo-ii-el-registro-y-analisis-de-la-informacion\/&#8221; url_new_window=&#8221;on&#8221; image=&#8221;http:\/\/innertenis.com\/rutinasmentaleseneltenis\/wp-content\/uploads\/2018\/01\/modulo2bloq3.png&#8221; _builder_version=&#8221;3.0.97&#8243; header_level=&#8221;h2&#8243; header_font=&#8221;|||on|||||&#8221; header_text_align=&#8221;center&#8221; header_font_size=&#8221;19px&#8221; text_orientation=&#8221;center&#8221; \/][\/et_pb_column][\/et_pb_row][\/et_pb_section][et_pb_section bb_built=&#8221;1&#8243; background_color=&#8221;#ededed&#8221; _builder_version=&#8221;3.0.97&#8243; custom_padding=&#8221;30px|0px|0px|0px&#8221;][et_pb_row custom_padding=&#8221;0px|0px|15px|0px&#8221; _builder_version=&#8221;3.0.47&#8243; background_size=&#8221;initial&#8221; background_position=&#8221;top_left&#8221; background_repeat=&#8221;repeat&#8221;][et_pb_column type=&#8221;1_3&#8243;][et_pb_blurb title=&#8221;M\u00f3dulo III: V\u00eddeo Tutorial del Cuadro del An\u00e1lisis Mental&#8221; url=&#8221;http:\/\/innertenis.com\/rutinasmentaleseneltenis\/modulo-iii-videotutorial-del-cuadro-del-analisis-mental\/&#8221; url_new_window=&#8221;on&#8221; image=&#8221;http:\/\/innertenis.com\/rutinasmentaleseneltenis\/wp-content\/uploads\/2018\/01\/modulo3bloq3.png&#8221; _builder_version=&#8221;3.0.97&#8243; header_level=&#8221;h2&#8243; header_font=&#8221;|||on|||||&#8221; header_text_align=&#8221;center&#8221; header_font_size=&#8221;19px&#8221; text_orientation=&#8221;center&#8221; \/][\/et_pb_column][et_pb_column type=&#8221;1_3&#8243;][et_pb_blurb title=&#8221;M\u00f3dulo IV: V\u00eddeo Tutorial del Cuadro del An\u00e1lisis T\u00e9cnico y T\u00e1ctico&#8221; url=&#8221;http:\/\/innertenis.com\/rutinasmentaleseneltenis\/modulo-iv-video-tutorial-del-cuadro-del-analisis-tecnico-y-tactico\/&#8221; url_new_window=&#8221;on&#8221; image=&#8221;http:\/\/innertenis.com\/rutinasmentaleseneltenis\/wp-content\/uploads\/2018\/01\/modulo4bloq3.png&#8221; _builder_version=&#8221;3.0.97&#8243; header_level=&#8221;h2&#8243; header_font=&#8221;|||on|||||&#8221; header_text_align=&#8221;center&#8221; header_font_size=&#8221;19px&#8221; text_orientation=&#8221;center&#8221; \/][\/et_pb_column][et_pb_column type=&#8221;1_3&#8243;][et_pb_blurb title=&#8221;M\u00f3dulo V: V\u00eddeo Tutorial del Cuadro del An\u00e1lisis F\u00edsico y Alimentaci\u00f3n&#8221; url=&#8221;http:\/\/innertenis.com\/rutinasmentaleseneltenis\/modulo-v-video-tutorial-del-cuadro-del-analisis-fisico-y-alimentacion\/&#8221; url_new_window=&#8221;on&#8221; image=&#8221;http:\/\/innertenis.com\/rutinasmentaleseneltenis\/wp-content\/uploads\/2018\/01\/modulo5bloq3.png&#8221; _builder_version=&#8221;3.0.97&#8243; header_level=&#8221;h2&#8243; header_font=&#8221;|||on|||||&#8221; header_text_align=&#8221;center&#8221; header_font_size=&#8221;19px&#8221; text_orientation=&#8221;center&#8221; \/][\/et_pb_column][\/et_pb_row][\/et_pb_section][et_pb_section bb_built=&#8221;1&#8243; background_color=&#8221;#205098&#8243; module_id=&#8221;cuadernos&#8221; _builder_version=&#8221;3.0.97&#8243; custom_padding=&#8221;0px|0px|0px|0px&#8221;][et_pb_row _builder_version=&#8221;3.0.97&#8243; background_size=&#8221;initial&#8221; background_position=&#8221;top_left&#8221; background_repeat=&#8221;repeat&#8221;][et_pb_column type=&#8221;4_4&#8243;][et_pb_text background_layout=&#8221;dark&#8221; _builder_version=&#8221;3.0.97&#8243; text_font=&#8221;|||on|||||&#8221; text_font_size=&#8221;40px&#8221; text_text_shadow_style=&#8221;preset1&#8243; header_font=&#8221;|||on|||||&#8221; header_text_align=&#8221;center&#8221; header_text_shadow_style=&#8221;preset1&#8243; text_orientation=&#8221;center&#8221;]<\/p>\n<p>CUADERNOS DE APOYO<\/p>\n<p>[\/et_pb_text][\/et_pb_column][\/et_pb_row][\/et_pb_section][et_pb_section bb_built=&#8221;1&#8243; _builder_version=&#8221;3.0.47&#8243; custom_padding=&#8221;0px|0px|0px|0px&#8221;][et_pb_row custom_padding=&#8221;27px|0px|0px|0px&#8221; _builder_version=&#8221;3.0.97&#8243; background_size=&#8221;initial&#8221; background_position=&#8221;top_left&#8221; background_repeat=&#8221;repeat&#8221;][et_pb_column type=&#8221;1_3&#8243;][et_pb_blurb title=&#8221;Cuaderno de Apoyo Bloque I: Antes del Partido&#8221; url=&#8221;http:\/\/innertenis.com\/rutinasmentaleseneltenis\/cuaderno-de-apoyo-bloque-i-antes-del-partido\/&#8221; url_new_window=&#8221;on&#8221; image=&#8221;http:\/\/innertenis.com\/rutinasmentaleseneltenis\/wp-content\/uploads\/2013\/03\/binderlayingopen2.jpg&#8221; _builder_version=&#8221;3.0.97&#8243; header_level=&#8221;h2&#8243; header_font=&#8221;|||on|||||&#8221; header_text_align=&#8221;center&#8221; header_font_size=&#8221;19px&#8221; text_orientation=&#8221;center&#8221; \/][\/et_pb_column][et_pb_column type=&#8221;1_3&#8243;][et_pb_blurb title=&#8221;Cuaderno de Apoyo Bloque II: Rutinas Mentales Durante el Partido&#8221; url=&#8221;http:\/\/innertenis.com\/rutinasmentaleseneltenis\/cuaderno-de-apoyo-bloque-ii-rutinas-mentales-durante-el-partido\/&#8221; url_new_window=&#8221;on&#8221; image=&#8221;http:\/\/innertenis.com\/rutinasmentaleseneltenis\/wp-content\/uploads\/2013\/07\/binderlayingopen1.jpg&#8221; _builder_version=&#8221;3.0.97&#8243; header_level=&#8221;h2&#8243; header_font=&#8221;|||on|||||&#8221; header_text_align=&#8221;center&#8221; header_font_size=&#8221;19px&#8221; text_orientation=&#8221;center&#8221; use_icon=&#8221;off&#8221; use_circle=&#8221;off&#8221; use_circle_border=&#8221;off&#8221; icon_placement=&#8221;top&#8221; use_icon_font_size=&#8221;off&#8221; background_layout=&#8221;light&#8221; \/][\/et_pb_column][et_pb_column type=&#8221;1_3&#8243;][et_pb_blurb title=&#8221;Cuaderno de Apoyo Bloque III: Rutinas Mentales Despu\u00e9s del Partido&#8221; url=&#8221;http:\/\/innertenis.com\/rutinasmentaleseneltenis\/cuaderno-de-apoyo-bloque-iii-rutinas-mentales-despues-del-partido\/&#8221; url_new_window=&#8221;on&#8221; image=&#8221;http:\/\/innertenis.com\/rutinasmentaleseneltenis\/wp-content\/uploads\/2013\/03\/binderlayingopen.jpg&#8221; _builder_version=&#8221;3.0.97&#8243; header_level=&#8221;h2&#8243; header_font=&#8221;|||on|||||&#8221; header_text_align=&#8221;center&#8221; header_font_size=&#8221;19px&#8221; text_orientation=&#8221;center&#8221; use_icon=&#8221;off&#8221; use_circle=&#8221;off&#8221; use_circle_border=&#8221;off&#8221; icon_placement=&#8221;top&#8221; use_icon_font_size=&#8221;off&#8221; background_layout=&#8221;light&#8221; \/][\/et_pb_column][\/et_pb_row][\/et_pb_section]<\/p>\n","protected":false},"excerpt":{"rendered":"<p>BLOQUE I. ANTES DEL PARTIDO BLOQUE II. DURANTE EL PARTIDO BLOQUE IiI. DESPU\u00c9S DEL PARTIDO CUADERNOS DE APOYO<\/p>\n","protected":false},"author":199,"featured_media":0,"parent":0,"menu_order":0,"comment_status":"closed","ping_status":"closed","template":"page-template-blank.php","meta":{"_et_pb_use_builder":"on","_et_pb_old_content":"","_et_gb_content_width":""},"_links":{"self":[{"href":"https:\/\/innertenis.com\/rutinasmentaleseneltenis\/wp-json\/wp\/v2\/pages\/467"}],"collection":[{"href":"https:\/\/innertenis.com\/rutinasmentaleseneltenis\/wp-json\/wp\/v2\/pages"}],"about":[{"href":"https:\/\/innertenis.com\/rutinasmentaleseneltenis\/wp-json\/wp\/v2\/types\/page"}],"author":[{"embeddable":true,"href":"https:\/\/innertenis.com\/rutinasmentaleseneltenis\/wp-json\/wp\/v2\/users\/199"}],"replies":[{"embeddable":true,"href":"https:\/\/innertenis.com\/rutinasmentaleseneltenis\/wp-json\/wp\/v2\/comments?post=467"}],"version-history":[{"count":33,"href":"https:\/\/innertenis.com\/rutinasmentaleseneltenis\/wp-json\/wp\/v2\/pages\/467\/revisions"}],"predecessor-version":[{"id":663,"href":"https:\/\/innertenis.com\/rutinasmentaleseneltenis\/wp-json\/wp\/v2\/pages\/467\/revisions\/663"}],"wp:attachment":[{"href":"https:\/\/innertenis.com\/rutinasmentaleseneltenis\/wp-json\/wp\/v2\/media?parent=467"}],"curies":[{"name":"wp","href":"https:\/\/api.w.org\/{rel}","templated":true}]}}